{"id":33,"date":"2023-10-09T22:04:18","date_gmt":"2023-10-09T20:04:18","guid":{"rendered":"https:\/\/toiture-colombus.com\/?page_id=33"},"modified":"2023-10-09T22:04:18","modified_gmt":"2023-10-09T20:04:18","slug":"traitement-de-bois","status":"publish","type":"page","link":"https:\/\/renovation-colombus.com\/index.php\/solutions\/traitement-de-bois\/","title":{"rendered":"Traitement de Bois"},"content":{"rendered":"\t\t<div data-elementor-type=\"wp-page\" data-elementor-id=\"33\" class=\"elementor elementor-33\">\n\t\t\t\t<div class=\"elementor-element elementor-element-359f6898 e-flex e-con-boxed e-con e-parent\" data-id=\"359f6898\" data-element_type=\"container\" data-e-type=\"container\">\n\t\t\t\t\t<div class=\"e-con-inner\">\n\t\t\t\t<div class=\"elementor-element elementor-element-4dc1f42 elementor-widget elementor-widget-text-editor\" data-id=\"4dc1f42\" data-element_type=\"widget\" data-e-type=\"widget\" data-widget_type=\"text-editor.default\">\n\t\t\t\t<div class=\"elementor-widget-container\">\n\t\t\t\t\t\t\t\t\t<p>Si vous trouvez de la sciure de bois sous votre charpente, entendez des bruits inhabituels dans vos bois, remarquez un affaissement de votre toit depuis l&rsquo;ext\u00e9rieur, ou si votre diagnostic r\u00e9v\u00e8le des insectes xylophages ou des champignons lignivores, il est crucial de prendre des mesures rapidement. Ces signes indiquent des probl\u00e8mes potentiels, notamment des d\u00e9g\u00e2ts structurels s\u00e9rieux. Une intervention professionnelle est n\u00e9cessaire pour \u00e9valuer, traiter et pr\u00e9venir de futurs dommages. La pr\u00e9servation de l&rsquo;int\u00e9grit\u00e9 de votre maison doit \u00eatre une priorit\u00e9.<\/p>\t\t\t\t\t\t\t\t<\/div>\n\t\t\t\t<\/div>\n\t\t\t\t\t<\/div>\n\t\t\t\t<\/div>\n\t\t<div class=\"elementor-element elementor-element-19d7611 e-flex e-con-boxed e-con e-parent\" data-id=\"19d7611\" data-element_type=\"container\" data-e-type=\"container\">\n\t\t\t\t\t<div class=\"e-con-inner\">\n\t\t<div class=\"elementor-element elementor-element-2cbd25e e-con-full e-flex e-con e-child\" data-id=\"2cbd25e\" data-element_type=\"container\" data-e-type=\"container\">\n\t\t<div class=\"elementor-element elementor-element-76ba9d2 e-flex e-con-boxed e-con e-child\" data-id=\"76ba9d2\" data-element_type=\"container\" data-e-type=\"container\">\n\t\t\t\t\t<div class=\"e-con-inner\">\n\t\t\t\t<div class=\"elementor-element elementor-element-599d0da elementor-widget elementor-widget-image\" data-id=\"599d0da\" data-element_type=\"widget\" data-e-type=\"widget\" data-widget_type=\"image.default\">\n\t\t\t\t<div class=\"elementor-widget-container\">\n\t\t\t\t\t\t\t\t\t\t\t\t\t\t\t<img fetchpriority=\"high\" decoding=\"async\" width=\"600\" height=\"400\" src=\"https:\/\/renovation-colombus.com\/wp-content\/uploads\/2023\/10\/Traitement-de-bois-de-charpente.jpg\" class=\"attachment-large size-large wp-image-283\" alt=\"\" srcset=\"https:\/\/renovation-colombus.com\/wp-content\/uploads\/2023\/10\/Traitement-de-bois-de-charpente.jpg 600w, https:\/\/renovation-colombus.com\/wp-content\/uploads\/2023\/10\/Traitement-de-bois-de-charpente-300x200.jpg 300w\" sizes=\"(max-width: 600px) 100vw, 600px\" \/>\t\t\t\t\t\t\t\t\t\t\t\t\t\t\t<\/div>\n\t\t\t\t<\/div>\n\t\t\t\t<div class=\"elementor-element elementor-element-1328dcc elementor-widget elementor-widget-heading\" data-id=\"1328dcc\" data-element_type=\"widget\" data-e-type=\"widget\" data-widget_type=\"heading.default\">\n\t\t\t\t<div class=\"elementor-widget-container\">\n\t\t\t\t\t<h5 class=\"elementor-heading-title elementor-size-default\">L'injection sous haute pression<\/h5>\t\t\t\t<\/div>\n\t\t\t\t<\/div>\n\t\t\t\t<div class=\"elementor-element elementor-element-6986506 elementor-widget elementor-widget-text-editor\" data-id=\"6986506\" data-element_type=\"widget\" data-e-type=\"widget\" data-widget_type=\"text-editor.default\">\n\t\t\t\t<div class=\"elementor-widget-container\">\n\t\t\t\t\t\t\t\t\t<p>L\u2019ISHP (l\u2019Injection sous haute pression) se d\u00e9roule en plusieurs \u00e9tapes.<\/p>\n<ul>\n<li>\u00a0\u00a0\u00a0 La d\u00e9poussi\u00e9rage et la buchage des parties de bois alt\u00e9r\u00e9es.<\/li>\n<li>\u00a0\u00a0\u00a0 Le forage et la pose d\u2019injecteur avec clapet anti-retour qui reste au sein du bois suite au traitement.<\/li>\n<li>\u00a0\u00a0\u00a0 L\u2019injection de produit insecticide, fongicide, et anti-termite<\/li>\n<\/ul>\t\t\t\t\t\t\t\t<\/div>\n\t\t\t\t<\/div>\n\t\t\t\t\t<\/div>\n\t\t\t\t<\/div>\n\t\t\t\t<\/div>\n\t\t<div class=\"elementor-element elementor-element-7ce36c9 e-con-full e-flex e-con e-child\" data-id=\"7ce36c9\" data-element_type=\"container\" data-e-type=\"container\">\n\t\t<div class=\"elementor-element elementor-element-21fe0e5 e-flex e-con-boxed e-con e-child\" data-id=\"21fe0e5\" data-element_type=\"container\" data-e-type=\"container\">\n\t\t\t\t\t<div class=\"e-con-inner\">\n\t\t\t\t<div class=\"elementor-element elementor-element-dee8974 elementor-widget elementor-widget-image\" data-id=\"dee8974\" data-element_type=\"widget\" data-e-type=\"widget\" data-widget_type=\"image.default\">\n\t\t\t\t<div class=\"elementor-widget-container\">\n\t\t\t\t\t\t\t\t\t\t\t\t\t\t\t<img decoding=\"async\" width=\"1024\" height=\"597\" src=\"https:\/\/renovation-colombus.com\/wp-content\/uploads\/2023\/10\/traitement-bois-1024x597.webp\" class=\"attachment-large size-large wp-image-282\" alt=\"\" srcset=\"https:\/\/renovation-colombus.com\/wp-content\/uploads\/2023\/10\/traitement-bois-1024x597.webp 1024w, https:\/\/renovation-colombus.com\/wp-content\/uploads\/2023\/10\/traitement-bois-300x175.webp 300w, https:\/\/renovation-colombus.com\/wp-content\/uploads\/2023\/10\/traitement-bois-768x448.webp 768w, https:\/\/renovation-colombus.com\/wp-content\/uploads\/2023\/10\/traitement-bois.webp 1200w\" sizes=\"(max-width: 1024px) 100vw, 1024px\" \/>\t\t\t\t\t\t\t\t\t\t\t\t\t\t\t<\/div>\n\t\t\t\t<\/div>\n\t\t\t\t<div class=\"elementor-element elementor-element-ab3e917 elementor-widget elementor-widget-heading\" data-id=\"ab3e917\" data-element_type=\"widget\" data-e-type=\"widget\" data-widget_type=\"heading.default\">\n\t\t\t\t<div class=\"elementor-widget-container\">\n\t\t\t\t\t<h5 class=\"elementor-heading-title elementor-size-default\">Pulv\u00e9risation de gel auto-p\u00e9n\u00e9trant<\/h5>\t\t\t\t<\/div>\n\t\t\t\t<\/div>\n\t\t\t\t<div class=\"elementor-element elementor-element-a5358af elementor-widget elementor-widget-text-editor\" data-id=\"a5358af\" data-element_type=\"widget\" data-e-type=\"widget\" data-widget_type=\"text-editor.default\">\n\t\t\t\t<div class=\"elementor-widget-container\">\n\t\t\t\t\t\t\t\t\t<p>L&rsquo;absorption est r\u00e9alis\u00e9e \u00e0 l&rsquo;int\u00e9rieur du bois lui-m\u00eame. Cette technique sert en compl\u00e9ment de l&rsquo;ISHP pour traiter les bois de section r\u00e9duite ou difficiles d&rsquo;acc\u00e8s pour la m\u00e9thode pr\u00e9c\u00e9dente. De plus, cette m\u00e9thode est employ\u00e9e en pr\u00e9vention pour pr\u00e9server une charpente non affect\u00e9e ou pour le traitement des charpentes industrielles, notamment les charpentes am\u00e9ricaines.<\/p>\t\t\t\t\t\t\t\t<\/div>\n\t\t\t\t<\/div>\n\t\t\t\t\t<\/div>\n\t\t\t\t<\/div>\n\t\t\t\t<\/div>\n\t\t\t\t\t<\/div>\n\t\t\t\t<\/div>\n\t\t\t\t<\/div>\n\t\t","protected":false},"excerpt":{"rendered":"<p>Si vous trouvez de la sciure de bois sous votre charpente, entendez des bruits inhabituels dans vos bois, remarquez un affaissement de votre toit depuis l&rsquo;ext\u00e9rieur, ou si votre diagnostic r\u00e9v\u00e8le des insectes xylophages ou des champignons lignivores, il est crucial de prendre des mesures rapidement. Ces signes indiquent des probl\u00e8mes potentiels, notamment des d\u00e9g\u00e2ts [&hellip;]<\/p>\n","protected":false},"author":1,"featured_media":0,"parent":303,"menu_order":0,"comment_status":"closed","ping_status":"closed","template":"","meta":{"footnotes":""},"class_list":["post-33","page","type-page","status-publish","hentry"],"yoast_head":"<!-- This site is optimized with the Yoast SEO plugin v27.2 - https:\/\/yoast.com\/product\/yoast-seo-wordpress\/ -->\n<title>Traitement de Bois - R\u00e9novation Colombus<\/title>\n<meta name=\"robots\" content=\"index, follow, max-snippet:-1, max-image-preview:large, max-video-preview:-1\" \/>\n<link rel=\"canonical\" href=\"https:\/\/renovation-colombus.com\/index.php\/solutions\/traitement-de-bois\/\" \/>\n<meta property=\"og:locale\" content=\"fr_FR\" \/>\n<meta property=\"og:type\" content=\"article\" \/>\n<meta property=\"og:title\" content=\"Traitement de Bois - R\u00e9novation Colombus\" \/>\n<meta property=\"og:description\" content=\"Si vous trouvez de la sciure de bois sous votre charpente, entendez des bruits inhabituels dans vos bois, remarquez un affaissement de votre toit depuis l&rsquo;ext\u00e9rieur, ou si votre diagnostic r\u00e9v\u00e8le des insectes xylophages ou des champignons lignivores, il est crucial de prendre des mesures rapidement. Ces signes indiquent des probl\u00e8mes potentiels, notamment des d\u00e9g\u00e2ts [&hellip;]\" \/>\n<meta property=\"og:url\" content=\"https:\/\/renovation-colombus.com\/index.php\/solutions\/traitement-de-bois\/\" \/>\n<meta property=\"og:site_name\" content=\"R\u00e9novation Colombus\" \/>\n<meta property=\"og:image\" content=\"http:\/\/renovation-colombus.com\/wp-content\/uploads\/2023\/10\/Traitement-de-bois-de-charpente.jpg\" \/>\n<meta name=\"twitter:card\" content=\"summary_large_image\" \/>\n<meta name=\"twitter:label1\" content=\"Dur\u00e9e de lecture estim\u00e9e\" \/>\n\t<meta name=\"twitter:data1\" content=\"2 minutes\" \/>\n<script type=\"application\/ld+json\" class=\"yoast-schema-graph\">{\"@context\":\"https:\/\/schema.org\",\"@graph\":[{\"@type\":\"WebPage\",\"@id\":\"https:\/\/renovation-colombus.com\/index.php\/solutions\/traitement-de-bois\/\",\"url\":\"https:\/\/renovation-colombus.com\/index.php\/solutions\/traitement-de-bois\/\",\"name\":\"Traitement de Bois - R\u00e9novation Colombus\",\"isPartOf\":{\"@id\":\"https:\/\/renovation-colombus.com\/#website\"},\"primaryImageOfPage\":{\"@id\":\"https:\/\/renovation-colombus.com\/index.php\/solutions\/traitement-de-bois\/#primaryimage\"},\"image\":{\"@id\":\"https:\/\/renovation-colombus.com\/index.php\/solutions\/traitement-de-bois\/#primaryimage\"},\"thumbnailUrl\":\"http:\/\/renovation-colombus.com\/wp-content\/uploads\/2023\/10\/Traitement-de-bois-de-charpente.jpg\",\"datePublished\":\"2023-10-09T20:04:18+00:00\",\"breadcrumb\":{\"@id\":\"https:\/\/renovation-colombus.com\/index.php\/solutions\/traitement-de-bois\/#breadcrumb\"},\"inLanguage\":\"fr-FR\",\"potentialAction\":[{\"@type\":\"ReadAction\",\"target\":[\"https:\/\/renovation-colombus.com\/index.php\/solutions\/traitement-de-bois\/\"]}]},{\"@type\":\"ImageObject\",\"inLanguage\":\"fr-FR\",\"@id\":\"https:\/\/renovation-colombus.com\/index.php\/solutions\/traitement-de-bois\/#primaryimage\",\"url\":\"http:\/\/renovation-colombus.com\/wp-content\/uploads\/2023\/10\/Traitement-de-bois-de-charpente.jpg\",\"contentUrl\":\"http:\/\/renovation-colombus.com\/wp-content\/uploads\/2023\/10\/Traitement-de-bois-de-charpente.jpg\"},{\"@type\":\"BreadcrumbList\",\"@id\":\"https:\/\/renovation-colombus.com\/index.php\/solutions\/traitement-de-bois\/#breadcrumb\",\"itemListElement\":[{\"@type\":\"ListItem\",\"position\":1,\"name\":\"Accueil\",\"item\":\"https:\/\/renovation-colombus.com\/\"},{\"@type\":\"ListItem\",\"position\":2,\"name\":\"Nos Solutions\",\"item\":\"https:\/\/renovation-colombus.com\/index.php\/solutions\/\"},{\"@type\":\"ListItem\",\"position\":3,\"name\":\"Traitement de Bois\"}]},{\"@type\":\"WebSite\",\"@id\":\"https:\/\/renovation-colombus.com\/#website\",\"url\":\"https:\/\/renovation-colombus.com\/\",\"name\":\"R\u00e9novation Colombus\",\"description\":\"R\u00e9novation toitures &amp; charpentes\",\"publisher\":{\"@id\":\"https:\/\/renovation-colombus.com\/#organization\"},\"potentialAction\":[{\"@type\":\"SearchAction\",\"target\":{\"@type\":\"EntryPoint\",\"urlTemplate\":\"https:\/\/renovation-colombus.com\/?s={search_term_string}\"},\"query-input\":{\"@type\":\"PropertyValueSpecification\",\"valueRequired\":true,\"valueName\":\"search_term_string\"}}],\"inLanguage\":\"fr-FR\"},{\"@type\":\"Organization\",\"@id\":\"https:\/\/renovation-colombus.com\/#organization\",\"name\":\"R\u00e9novation Colombus\",\"url\":\"https:\/\/renovation-colombus.com\/\",\"logo\":{\"@type\":\"ImageObject\",\"inLanguage\":\"fr-FR\",\"@id\":\"https:\/\/renovation-colombus.com\/#\/schema\/logo\/image\/\",\"url\":\"https:\/\/renovation-colombus.com\/wp-content\/uploads\/2024\/10\/cropped-logo_renovation_colombus1000x1000-1.png\",\"contentUrl\":\"https:\/\/renovation-colombus.com\/wp-content\/uploads\/2024\/10\/cropped-logo_renovation_colombus1000x1000-1.png\",\"width\":697,\"height\":603,\"caption\":\"R\u00e9novation Colombus\"},\"image\":{\"@id\":\"https:\/\/renovation-colombus.com\/#\/schema\/logo\/image\/\"}}]}<\/script>\n<!-- \/ Yoast SEO plugin. -->","yoast_head_json":{"title":"Traitement de Bois - R\u00e9novation Colombus","robots":{"index":"index","follow":"follow","max-snippet":"max-snippet:-1","max-image-preview":"max-image-preview:large","max-video-preview":"max-video-preview:-1"},"canonical":"https:\/\/renovation-colombus.com\/index.php\/solutions\/traitement-de-bois\/","og_locale":"fr_FR","og_type":"article","og_title":"Traitement de Bois - R\u00e9novation Colombus","og_description":"Si vous trouvez de la sciure de bois sous votre charpente, entendez des bruits inhabituels dans vos bois, remarquez un affaissement de votre toit depuis l&rsquo;ext\u00e9rieur, ou si votre diagnostic r\u00e9v\u00e8le des insectes xylophages ou des champignons lignivores, il est crucial de prendre des mesures rapidement. Ces signes indiquent des probl\u00e8mes potentiels, notamment des d\u00e9g\u00e2ts [&hellip;]","og_url":"https:\/\/renovation-colombus.com\/index.php\/solutions\/traitement-de-bois\/","og_site_name":"R\u00e9novation Colombus","og_image":[{"url":"http:\/\/renovation-colombus.com\/wp-content\/uploads\/2023\/10\/Traitement-de-bois-de-charpente.jpg","type":"","width":"","height":""}],"twitter_card":"summary_large_image","twitter_misc":{"Dur\u00e9e de lecture estim\u00e9e":"2 minutes"},"schema":{"@context":"https:\/\/schema.org","@graph":[{"@type":"WebPage","@id":"https:\/\/renovation-colombus.com\/index.php\/solutions\/traitement-de-bois\/","url":"https:\/\/renovation-colombus.com\/index.php\/solutions\/traitement-de-bois\/","name":"Traitement de Bois - R\u00e9novation Colombus","isPartOf":{"@id":"https:\/\/renovation-colombus.com\/#website"},"primaryImageOfPage":{"@id":"https:\/\/renovation-colombus.com\/index.php\/solutions\/traitement-de-bois\/#primaryimage"},"image":{"@id":"https:\/\/renovation-colombus.com\/index.php\/solutions\/traitement-de-bois\/#primaryimage"},"thumbnailUrl":"http:\/\/renovation-colombus.com\/wp-content\/uploads\/2023\/10\/Traitement-de-bois-de-charpente.jpg","datePublished":"2023-10-09T20:04:18+00:00","breadcrumb":{"@id":"https:\/\/renovation-colombus.com\/index.php\/solutions\/traitement-de-bois\/#breadcrumb"},"inLanguage":"fr-FR","potentialAction":[{"@type":"ReadAction","target":["https:\/\/renovation-colombus.com\/index.php\/solutions\/traitement-de-bois\/"]}]},{"@type":"ImageObject","inLanguage":"fr-FR","@id":"https:\/\/renovation-colombus.com\/index.php\/solutions\/traitement-de-bois\/#primaryimage","url":"http:\/\/renovation-colombus.com\/wp-content\/uploads\/2023\/10\/Traitement-de-bois-de-charpente.jpg","contentUrl":"http:\/\/renovation-colombus.com\/wp-content\/uploads\/2023\/10\/Traitement-de-bois-de-charpente.jpg"},{"@type":"BreadcrumbList","@id":"https:\/\/renovation-colombus.com\/index.php\/solutions\/traitement-de-bois\/#breadcrumb","itemListElement":[{"@type":"ListItem","position":1,"name":"Accueil","item":"https:\/\/renovation-colombus.com\/"},{"@type":"ListItem","position":2,"name":"Nos Solutions","item":"https:\/\/renovation-colombus.com\/index.php\/solutions\/"},{"@type":"ListItem","position":3,"name":"Traitement de Bois"}]},{"@type":"WebSite","@id":"https:\/\/renovation-colombus.com\/#website","url":"https:\/\/renovation-colombus.com\/","name":"R\u00e9novation Colombus","description":"R\u00e9novation toitures &amp; charpentes","publisher":{"@id":"https:\/\/renovation-colombus.com\/#organization"},"potentialAction":[{"@type":"SearchAction","target":{"@type":"EntryPoint","urlTemplate":"https:\/\/renovation-colombus.com\/?s={search_term_string}"},"query-input":{"@type":"PropertyValueSpecification","valueRequired":true,"valueName":"search_term_string"}}],"inLanguage":"fr-FR"},{"@type":"Organization","@id":"https:\/\/renovation-colombus.com\/#organization","name":"R\u00e9novation Colombus","url":"https:\/\/renovation-colombus.com\/","logo":{"@type":"ImageObject","inLanguage":"fr-FR","@id":"https:\/\/renovation-colombus.com\/#\/schema\/logo\/image\/","url":"https:\/\/renovation-colombus.com\/wp-content\/uploads\/2024\/10\/cropped-logo_renovation_colombus1000x1000-1.png","contentUrl":"https:\/\/renovation-colombus.com\/wp-content\/uploads\/2024\/10\/cropped-logo_renovation_colombus1000x1000-1.png","width":697,"height":603,"caption":"R\u00e9novation Colombus"},"image":{"@id":"https:\/\/renovation-colombus.com\/#\/schema\/logo\/image\/"}}]}},"_links":{"self":[{"href":"https:\/\/renovation-colombus.com\/index.php\/wp-json\/wp\/v2\/pages\/33","targetHints":{"allow":["GET"]}}],"collection":[{"href":"https:\/\/renovation-colombus.com\/index.php\/wp-json\/wp\/v2\/pages"}],"about":[{"href":"https:\/\/renovation-colombus.com\/index.php\/wp-json\/wp\/v2\/types\/page"}],"author":[{"embeddable":true,"href":"https:\/\/renovation-colombus.com\/index.php\/wp-json\/wp\/v2\/users\/1"}],"replies":[{"embeddable":true,"href":"https:\/\/renovation-colombus.com\/index.php\/wp-json\/wp\/v2\/comments?post=33"}],"version-history":[{"count":0,"href":"https:\/\/renovation-colombus.com\/index.php\/wp-json\/wp\/v2\/pages\/33\/revisions"}],"up":[{"embeddable":true,"href":"https:\/\/renovation-colombus.com\/index.php\/wp-json\/wp\/v2\/pages\/303"}],"wp:attachment":[{"href":"https:\/\/renovation-colombus.com\/index.php\/wp-json\/wp\/v2\/media?parent=33"}],"curies":[{"name":"wp","href":"https:\/\/api.w.org\/{rel}","templated":true}]}}