{"id":304,"date":"2023-10-08T21:43:16","date_gmt":"2023-10-08T19:43:16","guid":{"rendered":"http:\/\/toiturj.cluster029.hosting.ovh.net\/?page_id=3"},"modified":"2024-10-22T19:18:55","modified_gmt":"2024-10-22T17:18:55","slug":"politique-de-confidentialite-2","status":"publish","type":"page","link":"https:\/\/renovation-colombus.com\/index.php\/politique-de-confidentialite-2\/","title":{"rendered":"Politique de confidentialit\u00e9"},"content":{"rendered":"\n<h2 class=\"wp-block-heading\">Qui sommes-nous&nbsp;?<\/h2>\n\n\n\n<p>L\u2019adresse de notre site est\u00a0: https:\/\/renovation-colombus.com.<\/p>\n\n\n\n<p><\/p>\n\n\n\n<p><strong>TOITURE COLOMBUS SIREN<\/strong> :   85034371600021 <\/p>\n\n\n\n<p><\/p>\n\n\n\n<p><strong>Responsable Editorial <\/strong>:  toiturecolombus@gmail.com<\/p>\n\n\n\n<p><\/p>\n\n\n\n<p><strong>H\u00e9bergeur <\/strong>: OVH SAS&nbsp;2 rue Kellermann \u2013 BP 80157 59053 ROUBAIX CEDEX 1 &#8211; www.ovhcloud.com\/<\/p>\n\n\n\n<h2 class=\"wp-block-heading\">Donn\u00e9es Personnelles<\/h2>\n\n\n\n<p>Nous nous engageons \u00e0 prot\u00e9ger votre vie priv\u00e9e. C&rsquo;est pourquoi nous ne stockons aucune donn\u00e9e utilisateur sur nos serveurs.<\/p>\n\n\n\n<p>Cela signifie que nous ne collectons pas d&rsquo;informations personnelles sur vous, telles que votre nom, votre adresse e-mail, votre num\u00e9ro de t\u00e9l\u00e9phone ou votre adresse IP.<\/p>\n\n\n\n<p>Nous ne stockons pas non plus d&rsquo;informations sur votre activit\u00e9 sur notre site Web, telles que les pages que vous visitez ou les liens que vous cliquez.<\/p>\n\n\n\n<p>Nous utilisons des cookies pour suivre votre activit\u00e9 sur notre site Web, mais ces cookies ne contiennent aucune information personnelle.<\/p>\n\n\n\n<p>Nous ne partageons vos informations avec aucun tiers.<\/p>\n\n\n\n<p>Nous prenons des mesures de s\u00e9curit\u00e9 strictes pour prot\u00e9ger vos informations personnelles contre la perte, l&rsquo;utilisation abusive et l&rsquo;acc\u00e8s non autoris\u00e9.<\/p>\n\n\n\n<p>Nous nous engageons \u00e0 vous offrir une exp\u00e9rience en ligne s\u00fbre et priv\u00e9e.<\/p>\n","protected":false},"excerpt":{"rendered":"<p>Qui sommes-nous&nbsp;? L\u2019adresse de notre site est\u00a0: https:\/\/renovation-colombus.com. TOITURE COLOMBUS SIREN : 85034371600021 Responsable Editorial : toiturecolombus@gmail.com H\u00e9bergeur : OVH SAS&nbsp;2 rue Kellermann \u2013 BP 80157 59053 ROUBAIX CEDEX 1 &#8211; www.ovhcloud.com\/ Donn\u00e9es Personnelles Nous nous engageons \u00e0 prot\u00e9ger votre vie priv\u00e9e. C&rsquo;est pourquoi nous ne stockons aucune donn\u00e9e utilisateur sur nos serveurs. Cela signifie [&hellip;]<\/p>\n","protected":false},"author":1,"featured_media":0,"parent":0,"menu_order":0,"comment_status":"closed","ping_status":"open","template":"","meta":{"footnotes":""},"class_list":["post-304","page","type-page","status-publish","hentry"],"yoast_head":"<!-- This site is optimized with the Yoast SEO plugin v27.2 - https:\/\/yoast.com\/product\/yoast-seo-wordpress\/ -->\n<title>Politique de confidentialit\u00e9 - R\u00e9novation Colombus<\/title>\n<meta name=\"description\" content=\"Toiture Columbus s&#039;engage \u00e0 prot\u00e9ger votre vie priv\u00e9e. Nous avons d\u00e9ploy\u00e9 des mesures strictes pour prot\u00e9ger vos informations personnelles.\" \/>\n<meta name=\"robots\" content=\"index, follow, max-snippet:-1, max-image-preview:large, max-video-preview:-1\" \/>\n<link rel=\"canonical\" href=\"https:\/\/renovation-colombus.com\/index.php\/politique-de-confidentialite-2\/\" \/>\n<meta property=\"og:locale\" content=\"fr_FR\" \/>\n<meta property=\"og:type\" content=\"article\" \/>\n<meta property=\"og:title\" content=\"Politique de confidentialit\u00e9 - R\u00e9novation Colombus\" \/>\n<meta property=\"og:description\" content=\"Toiture Columbus s&#039;engage \u00e0 prot\u00e9ger votre vie priv\u00e9e. Nous avons d\u00e9ploy\u00e9 des mesures strictes pour prot\u00e9ger vos informations personnelles.\" \/>\n<meta property=\"og:url\" content=\"https:\/\/renovation-colombus.com\/index.php\/politique-de-confidentialite-2\/\" \/>\n<meta property=\"og:site_name\" content=\"R\u00e9novation Colombus\" \/>\n<meta property=\"article:modified_time\" content=\"2024-10-22T17:18:55+00:00\" \/>\n<meta name=\"twitter:card\" content=\"summary_large_image\" \/>\n<meta name=\"twitter:label1\" content=\"Dur\u00e9e de lecture estim\u00e9e\" \/>\n\t<meta name=\"twitter:data1\" content=\"1 minute\" \/>\n<script type=\"application\/ld+json\" class=\"yoast-schema-graph\">{\"@context\":\"https:\/\/schema.org\",\"@graph\":[{\"@type\":\"WebPage\",\"@id\":\"https:\/\/renovation-colombus.com\/index.php\/politique-de-confidentialite-2\/\",\"url\":\"https:\/\/renovation-colombus.com\/index.php\/politique-de-confidentialite-2\/\",\"name\":\"Politique de confidentialit\u00e9 - R\u00e9novation Colombus\",\"isPartOf\":{\"@id\":\"https:\/\/renovation-colombus.com\/#website\"},\"datePublished\":\"2023-10-08T19:43:16+00:00\",\"dateModified\":\"2024-10-22T17:18:55+00:00\",\"description\":\"Toiture Columbus s'engage \u00e0 prot\u00e9ger votre vie priv\u00e9e. Nous avons d\u00e9ploy\u00e9 des mesures strictes pour prot\u00e9ger vos informations personnelles.\",\"breadcrumb\":{\"@id\":\"https:\/\/renovation-colombus.com\/index.php\/politique-de-confidentialite-2\/#breadcrumb\"},\"inLanguage\":\"fr-FR\",\"potentialAction\":[{\"@type\":\"ReadAction\",\"target\":[\"https:\/\/renovation-colombus.com\/index.php\/politique-de-confidentialite-2\/\"]}]},{\"@type\":\"BreadcrumbList\",\"@id\":\"https:\/\/renovation-colombus.com\/index.php\/politique-de-confidentialite-2\/#breadcrumb\",\"itemListElement\":[{\"@type\":\"ListItem\",\"position\":1,\"name\":\"Accueil\",\"item\":\"https:\/\/renovation-colombus.com\/\"},{\"@type\":\"ListItem\",\"position\":2,\"name\":\"Politique de confidentialit\u00e9\"}]},{\"@type\":\"WebSite\",\"@id\":\"https:\/\/renovation-colombus.com\/#website\",\"url\":\"https:\/\/renovation-colombus.com\/\",\"name\":\"R\u00e9novation Colombus\",\"description\":\"R\u00e9novation toitures &amp; charpentes\",\"publisher\":{\"@id\":\"https:\/\/renovation-colombus.com\/#organization\"},\"potentialAction\":[{\"@type\":\"SearchAction\",\"target\":{\"@type\":\"EntryPoint\",\"urlTemplate\":\"https:\/\/renovation-colombus.com\/?s={search_term_string}\"},\"query-input\":{\"@type\":\"PropertyValueSpecification\",\"valueRequired\":true,\"valueName\":\"search_term_string\"}}],\"inLanguage\":\"fr-FR\"},{\"@type\":\"Organization\",\"@id\":\"https:\/\/renovation-colombus.com\/#organization\",\"name\":\"R\u00e9novation Colombus\",\"url\":\"https:\/\/renovation-colombus.com\/\",\"logo\":{\"@type\":\"ImageObject\",\"inLanguage\":\"fr-FR\",\"@id\":\"https:\/\/renovation-colombus.com\/#\/schema\/logo\/image\/\",\"url\":\"https:\/\/renovation-colombus.com\/wp-content\/uploads\/2024\/10\/cropped-logo_renovation_colombus1000x1000-1.png\",\"contentUrl\":\"https:\/\/renovation-colombus.com\/wp-content\/uploads\/2024\/10\/cropped-logo_renovation_colombus1000x1000-1.png\",\"width\":697,\"height\":603,\"caption\":\"R\u00e9novation Colombus\"},\"image\":{\"@id\":\"https:\/\/renovation-colombus.com\/#\/schema\/logo\/image\/\"}}]}<\/script>\n<!-- \/ Yoast SEO plugin. -->","yoast_head_json":{"title":"Politique de confidentialit\u00e9 - R\u00e9novation Colombus","description":"Toiture Columbus s'engage \u00e0 prot\u00e9ger votre vie priv\u00e9e. Nous avons d\u00e9ploy\u00e9 des mesures strictes pour prot\u00e9ger vos informations personnelles.","robots":{"index":"index","follow":"follow","max-snippet":"max-snippet:-1","max-image-preview":"max-image-preview:large","max-video-preview":"max-video-preview:-1"},"canonical":"https:\/\/renovation-colombus.com\/index.php\/politique-de-confidentialite-2\/","og_locale":"fr_FR","og_type":"article","og_title":"Politique de confidentialit\u00e9 - R\u00e9novation Colombus","og_description":"Toiture Columbus s'engage \u00e0 prot\u00e9ger votre vie priv\u00e9e. Nous avons d\u00e9ploy\u00e9 des mesures strictes pour prot\u00e9ger vos informations personnelles.","og_url":"https:\/\/renovation-colombus.com\/index.php\/politique-de-confidentialite-2\/","og_site_name":"R\u00e9novation Colombus","article_modified_time":"2024-10-22T17:18:55+00:00","twitter_card":"summary_large_image","twitter_misc":{"Dur\u00e9e de lecture estim\u00e9e":"1 minute"},"schema":{"@context":"https:\/\/schema.org","@graph":[{"@type":"WebPage","@id":"https:\/\/renovation-colombus.com\/index.php\/politique-de-confidentialite-2\/","url":"https:\/\/renovation-colombus.com\/index.php\/politique-de-confidentialite-2\/","name":"Politique de confidentialit\u00e9 - R\u00e9novation Colombus","isPartOf":{"@id":"https:\/\/renovation-colombus.com\/#website"},"datePublished":"2023-10-08T19:43:16+00:00","dateModified":"2024-10-22T17:18:55+00:00","description":"Toiture Columbus s'engage \u00e0 prot\u00e9ger votre vie priv\u00e9e. Nous avons d\u00e9ploy\u00e9 des mesures strictes pour prot\u00e9ger vos informations personnelles.","breadcrumb":{"@id":"https:\/\/renovation-colombus.com\/index.php\/politique-de-confidentialite-2\/#breadcrumb"},"inLanguage":"fr-FR","potentialAction":[{"@type":"ReadAction","target":["https:\/\/renovation-colombus.com\/index.php\/politique-de-confidentialite-2\/"]}]},{"@type":"BreadcrumbList","@id":"https:\/\/renovation-colombus.com\/index.php\/politique-de-confidentialite-2\/#breadcrumb","itemListElement":[{"@type":"ListItem","position":1,"name":"Accueil","item":"https:\/\/renovation-colombus.com\/"},{"@type":"ListItem","position":2,"name":"Politique de confidentialit\u00e9"}]},{"@type":"WebSite","@id":"https:\/\/renovation-colombus.com\/#website","url":"https:\/\/renovation-colombus.com\/","name":"R\u00e9novation Colombus","description":"R\u00e9novation toitures &amp; charpentes","publisher":{"@id":"https:\/\/renovation-colombus.com\/#organization"},"potentialAction":[{"@type":"SearchAction","target":{"@type":"EntryPoint","urlTemplate":"https:\/\/renovation-colombus.com\/?s={search_term_string}"},"query-input":{"@type":"PropertyValueSpecification","valueRequired":true,"valueName":"search_term_string"}}],"inLanguage":"fr-FR"},{"@type":"Organization","@id":"https:\/\/renovation-colombus.com\/#organization","name":"R\u00e9novation Colombus","url":"https:\/\/renovation-colombus.com\/","logo":{"@type":"ImageObject","inLanguage":"fr-FR","@id":"https:\/\/renovation-colombus.com\/#\/schema\/logo\/image\/","url":"https:\/\/renovation-colombus.com\/wp-content\/uploads\/2024\/10\/cropped-logo_renovation_colombus1000x1000-1.png","contentUrl":"https:\/\/renovation-colombus.com\/wp-content\/uploads\/2024\/10\/cropped-logo_renovation_colombus1000x1000-1.png","width":697,"height":603,"caption":"R\u00e9novation Colombus"},"image":{"@id":"https:\/\/renovation-colombus.com\/#\/schema\/logo\/image\/"}}]}},"_links":{"self":[{"href":"https:\/\/renovation-colombus.com\/index.php\/wp-json\/wp\/v2\/pages\/304","targetHints":{"allow":["GET"]}}],"collection":[{"href":"https:\/\/renovation-colombus.com\/index.php\/wp-json\/wp\/v2\/pages"}],"about":[{"href":"https:\/\/renovation-colombus.com\/index.php\/wp-json\/wp\/v2\/types\/page"}],"author":[{"embeddable":true,"href":"https:\/\/renovation-colombus.com\/index.php\/wp-json\/wp\/v2\/users\/1"}],"replies":[{"embeddable":true,"href":"https:\/\/renovation-colombus.com\/index.php\/wp-json\/wp\/v2\/comments?post=304"}],"version-history":[{"count":1,"href":"https:\/\/renovation-colombus.com\/index.php\/wp-json\/wp\/v2\/pages\/304\/revisions"}],"predecessor-version":[{"id":345,"href":"https:\/\/renovation-colombus.com\/index.php\/wp-json\/wp\/v2\/pages\/304\/revisions\/345"}],"wp:attachment":[{"href":"https:\/\/renovation-colombus.com\/index.php\/wp-json\/wp\/v2\/media?parent=304"}],"curies":[{"name":"wp","href":"https:\/\/api.w.org\/{rel}","templated":true}]}}