{"id":29,"date":"2023-10-09T22:02:06","date_gmt":"2023-10-09T20:02:06","guid":{"rendered":"https:\/\/toiture-colombus.com\/?page_id=29"},"modified":"2024-10-22T19:26:24","modified_gmt":"2024-10-22T17:26:24","slug":"isolation","status":"publish","type":"page","link":"https:\/\/renovation-colombus.com\/index.php\/solutions\/isolation\/","title":{"rendered":"Isolation"},"content":{"rendered":"\t\t<div data-elementor-type=\"wp-page\" data-elementor-id=\"29\" class=\"elementor elementor-29\">\n\t\t\t\t<div class=\"elementor-element elementor-element-3ed4de1 e-flex e-con-boxed e-con e-parent\" data-id=\"3ed4de1\" data-element_type=\"container\" data-e-type=\"container\">\n\t\t\t\t\t<div class=\"e-con-inner\">\n\t\t\t\t<div class=\"elementor-element elementor-element-505d407 elementor-widget elementor-widget-text-editor\" data-id=\"505d407\" data-element_type=\"widget\" data-e-type=\"widget\" data-widget_type=\"text-editor.default\">\n\t\t\t\t<div class=\"elementor-widget-container\">\n\t\t\t\t\t\t\t\t\t<p>L&rsquo;isolation joue un r\u00f4le cl\u00e9 dans la pr\u00e9servation de la stabilit\u00e9 thermique de votre maison, car environ 30% des pertes de chaleur proviennent du toit en raison de la mont\u00e9e naturelle de la chaleur. En optant pour un isolant de qualit\u00e9 conforme aux normes RT 2012, vous avez la possibilit\u00e9 de r\u00e9duire significativement vos d\u00e9penses de chauffage, permettant ainsi des \u00e9conomies pouvant atteindre jusqu&rsquo;\u00e0 30% sur vos factures \u00e9nerg\u00e9tiques.<\/p>\t\t\t\t\t\t\t\t<\/div>\n\t\t\t\t<\/div>\n\t\t\t\t\t<\/div>\n\t\t\t\t<\/div>\n\t\t<div class=\"elementor-element elementor-element-f49a8fc e-flex e-con-boxed e-con e-parent\" data-id=\"f49a8fc\" data-element_type=\"container\" data-e-type=\"container\">\n\t\t\t\t\t<div class=\"e-con-inner\">\n\t\t<div class=\"elementor-element elementor-element-992026c e-con-full e-flex e-con e-child\" data-id=\"992026c\" data-element_type=\"container\" data-e-type=\"container\">\n\t\t<div class=\"elementor-element elementor-element-8a763c0 e-flex e-con-boxed e-con e-child\" data-id=\"8a763c0\" data-element_type=\"container\" data-e-type=\"container\">\n\t\t\t\t\t<div class=\"e-con-inner\">\n\t\t\t\t<div class=\"elementor-element elementor-element-1569e4e elementor-widget elementor-widget-image\" data-id=\"1569e4e\" data-element_type=\"widget\" data-e-type=\"widget\" data-widget_type=\"image.default\">\n\t\t\t\t<div class=\"elementor-widget-container\">\n\t\t\t\t\t\t\t\t\t\t\t\t\t\t\t<img fetchpriority=\"high\" decoding=\"async\" width=\"1024\" height=\"683\" src=\"https:\/\/renovation-colombus.com\/wp-content\/uploads\/2023\/10\/Lisolation-des-combles-perdus-_-lisolation-par-soufflage-1024x683.jpg\" class=\"attachment-large size-large wp-image-251\" alt=\"\" srcset=\"https:\/\/renovation-colombus.com\/wp-content\/uploads\/2023\/10\/Lisolation-des-combles-perdus-_-lisolation-par-soufflage-1024x683.jpg 1024w, https:\/\/renovation-colombus.com\/wp-content\/uploads\/2023\/10\/Lisolation-des-combles-perdus-_-lisolation-par-soufflage-300x200.jpg 300w, https:\/\/renovation-colombus.com\/wp-content\/uploads\/2023\/10\/Lisolation-des-combles-perdus-_-lisolation-par-soufflage-768x512.jpg 768w, https:\/\/renovation-colombus.com\/wp-content\/uploads\/2023\/10\/Lisolation-des-combles-perdus-_-lisolation-par-soufflage-1536x1024.jpg 1536w, https:\/\/renovation-colombus.com\/wp-content\/uploads\/2023\/10\/Lisolation-des-combles-perdus-_-lisolation-par-soufflage.jpg 1920w\" sizes=\"(max-width: 1024px) 100vw, 1024px\" \/>\t\t\t\t\t\t\t\t\t\t\t\t\t\t\t<\/div>\n\t\t\t\t<\/div>\n\t\t\t\t<div class=\"elementor-element elementor-element-c74ea2c elementor-widget elementor-widget-heading\" data-id=\"c74ea2c\" data-element_type=\"widget\" data-e-type=\"widget\" data-widget_type=\"heading.default\">\n\t\t\t\t<div class=\"elementor-widget-container\">\n\t\t\t\t\t<h5 class=\"elementor-heading-title elementor-size-default\">Combles perdus<\/h5>\t\t\t\t<\/div>\n\t\t\t\t<\/div>\n\t\t\t\t\t<\/div>\n\t\t\t\t<\/div>\n\t\t\t\t<div class=\"elementor-element elementor-element-93d787d elementor-widget elementor-widget-text-editor\" data-id=\"93d787d\" data-element_type=\"widget\" data-e-type=\"widget\" data-widget_type=\"text-editor.default\">\n\t\t\t\t<div class=\"elementor-widget-container\">\n\t\t\t\t\t\t\t\t\t<p>PROJECTION DE LAINE MIN\u00c9RALE<\/p>\n<p>Cette m\u00e9thode consiste au soufflage d\u2019un isolant min\u00e9ral (laine de verre ou laine de roche) sous forme de flocons de fa\u00e7on \u00e0 obtenir un tapis uniforme. Nous proposons de la laine de verre souffl\u00e9e de la marque ISOVER et de la laine de roche de la marque JETROCK. Pour effectuer la projection, une pr\u00e9paration des combles est n\u00e9cessaire.<\/p>\n<p>Ce processus comprend :<\/p>\n<ul>\n<li>Le retrait de l\u2019isolant usag\u00e9 (non-obligatoire mais conseill\u00e9)<\/li>\n<li>La pose de repaires pour l\u2019\u00e9lectricit\u00e9<\/li>\n<li>La pose d\u2019entourage (trappe, chemin\u00e9e)<\/li>\n<\/ul>\t\t\t\t\t\t\t\t<\/div>\n\t\t\t\t<\/div>\n\t\t\t\t<\/div>\n\t\t<div class=\"elementor-element elementor-element-15625af e-con-full e-flex e-con e-child\" data-id=\"15625af\" data-element_type=\"container\" data-e-type=\"container\">\n\t\t<div class=\"elementor-element elementor-element-901889d e-flex e-con-boxed e-con e-child\" data-id=\"901889d\" data-element_type=\"container\" data-e-type=\"container\">\n\t\t\t\t\t<div class=\"e-con-inner\">\n\t\t\t\t<div class=\"elementor-element elementor-element-191e433 elementor-widget elementor-widget-image\" data-id=\"191e433\" data-element_type=\"widget\" data-e-type=\"widget\" data-widget_type=\"image.default\">\n\t\t\t\t<div class=\"elementor-widget-container\">\n\t\t\t\t\t\t\t\t\t\t\t\t\t\t\t<img decoding=\"async\" src=\"https:\/\/renovation-colombus.com\/wp-content\/uploads\/elementor\/thumbs\/homme-charpentier-travaillant-toit-qvi1o37sonuysv6mjtofggkvdd9hcxl6ltxapwtkow.jpg\" title=\"homme-charpentier-travaillant-toit\" alt=\"homme-charpentier-travaillant-toit\" loading=\"lazy\" \/>\t\t\t\t\t\t\t\t\t\t\t\t\t\t\t<\/div>\n\t\t\t\t<\/div>\n\t\t\t\t<div class=\"elementor-element elementor-element-d88c31a elementor-widget elementor-widget-heading\" data-id=\"d88c31a\" data-element_type=\"widget\" data-e-type=\"widget\" data-widget_type=\"heading.default\">\n\t\t\t\t<div class=\"elementor-widget-container\">\n\t\t\t\t\t<h5 class=\"elementor-heading-title elementor-size-default\">Combles am\u00e9nag\u00e9s<\/h5>\t\t\t\t<\/div>\n\t\t\t\t<\/div>\n\t\t\t\t<div class=\"elementor-element elementor-element-28781c1 elementor-widget elementor-widget-text-editor\" data-id=\"28781c1\" data-element_type=\"widget\" data-e-type=\"widget\" data-widget_type=\"text-editor.default\">\n\t\t\t\t<div class=\"elementor-widget-container\">\n\t\t\t\t\t\t\t\t\t<p>LA PROJECTION DE LA MOUSSE POLYURETHANE (PU)<\/p>\n<p>\u00a0La mousse polyur\u00e9thane projet\u00e9e est la solution optimale pour isoler votre maison en neuf ou en r\u00e9novation.<\/p>\n<p>Projet\u00e9e directement sur vos plafonds, la mousse PU augmente jusqu\u2019\u00e0 30 fois en volume, avant de devenir compl\u00e8tement solide, vous permettant \u00e0 la fois de conserver la place dans vos combles. L\u2019isolant se loge dans les moindres recoins afin de former une barri\u00e8re \u00e9tanche \u00e0 l\u2019air et \u00e0\u00a0 l\u2019humidit\u00e9.<\/p>\t\t\t\t\t\t\t\t<\/div>\n\t\t\t\t<\/div>\n\t\t\t\t<div class=\"elementor-element elementor-element-2038142 elementor-align-center elementor-widget elementor-widget-button\" data-id=\"2038142\" data-element_type=\"widget\" data-e-type=\"widget\" data-widget_type=\"button.default\">\n\t\t\t\t<div class=\"elementor-widget-container\">\n\t\t\t\t\t\t\t\t\t<div class=\"elementor-button-wrapper\">\n\t\t\t\t\t<a class=\"elementor-button elementor-button-link elementor-size-lg\" href=\"https:\/\/toiture-colombus.com\/index.php\/devis\/\">\n\t\t\t\t\t\t<span class=\"elementor-button-content-wrapper\">\n\t\t\t\t\t\t\t\t\t<span class=\"elementor-button-text\">Obtenir un devis<\/span>\n\t\t\t\t\t<\/span>\n\t\t\t\t\t<\/a>\n\t\t\t\t<\/div>\n\t\t\t\t\t\t\t\t<\/div>\n\t\t\t\t<\/div>\n\t\t\t\t\t<\/div>\n\t\t\t\t<\/div>\n\t\t\t\t<div class=\"elementor-element elementor-element-42d080a elementor-widget elementor-widget-spacer\" data-id=\"42d080a\" data-element_type=\"widget\" data-e-type=\"widget\" data-widget_type=\"spacer.default\">\n\t\t\t\t<div class=\"elementor-widget-container\">\n\t\t\t\t\t\t\t<div class=\"elementor-spacer\">\n\t\t\t<div class=\"elementor-spacer-inner\"><\/div>\n\t\t<\/div>\n\t\t\t\t\t\t<\/div>\n\t\t\t\t<\/div>\n\t\t\t\t<\/div>\n\t\t\t\t\t<\/div>\n\t\t\t\t<\/div>\n\t\t\t\t<\/div>\n\t\t","protected":false},"excerpt":{"rendered":"<p>L&rsquo;isolation joue un r\u00f4le cl\u00e9 dans la pr\u00e9servation de la stabilit\u00e9 thermique de votre maison, car environ 30% des pertes de chaleur proviennent du toit en raison de la mont\u00e9e naturelle de la chaleur. En optant pour un isolant de qualit\u00e9 conforme aux normes RT 2012, vous avez la possibilit\u00e9 de r\u00e9duire significativement vos d\u00e9penses [&hellip;]<\/p>\n","protected":false},"author":1,"featured_media":0,"parent":303,"menu_order":0,"comment_status":"closed","ping_status":"closed","template":"","meta":{"footnotes":""},"class_list":["post-29","page","type-page","status-publish","hentry"],"yoast_head":"<!-- This site is optimized with the Yoast SEO plugin v27.2 - https:\/\/yoast.com\/product\/yoast-seo-wordpress\/ -->\n<title>Isolation - R\u00e9novation Colombus<\/title>\n<meta name=\"robots\" content=\"index, follow, max-snippet:-1, max-image-preview:large, max-video-preview:-1\" \/>\n<link rel=\"canonical\" href=\"https:\/\/renovation-colombus.com\/index.php\/solutions\/isolation\/\" \/>\n<meta property=\"og:locale\" content=\"fr_FR\" \/>\n<meta property=\"og:type\" content=\"article\" \/>\n<meta property=\"og:title\" content=\"Isolation - R\u00e9novation Colombus\" \/>\n<meta property=\"og:description\" content=\"L&rsquo;isolation joue un r\u00f4le cl\u00e9 dans la pr\u00e9servation de la stabilit\u00e9 thermique de votre maison, car environ 30% des pertes de chaleur proviennent du toit en raison de la mont\u00e9e naturelle de la chaleur. En optant pour un isolant de qualit\u00e9 conforme aux normes RT 2012, vous avez la possibilit\u00e9 de r\u00e9duire significativement vos d\u00e9penses [&hellip;]\" \/>\n<meta property=\"og:url\" content=\"https:\/\/renovation-colombus.com\/index.php\/solutions\/isolation\/\" \/>\n<meta property=\"og:site_name\" content=\"R\u00e9novation Colombus\" \/>\n<meta property=\"article:modified_time\" content=\"2024-10-22T17:26:24+00:00\" \/>\n<meta property=\"og:image\" content=\"https:\/\/renovation-colombus.com\/wp-content\/uploads\/2023\/10\/Lisolation-des-combles-perdus-_-lisolation-par-soufflage.jpg\" \/>\n\t<meta property=\"og:image:width\" content=\"1920\" \/>\n\t<meta property=\"og:image:height\" content=\"1280\" \/>\n\t<meta property=\"og:image:type\" content=\"image\/jpeg\" \/>\n<meta name=\"twitter:card\" content=\"summary_large_image\" \/>\n<meta name=\"twitter:label1\" content=\"Dur\u00e9e de lecture estim\u00e9e\" \/>\n\t<meta name=\"twitter:data1\" content=\"2 minutes\" \/>\n<script type=\"application\/ld+json\" class=\"yoast-schema-graph\">{\"@context\":\"https:\/\/schema.org\",\"@graph\":[{\"@type\":\"WebPage\",\"@id\":\"https:\/\/renovation-colombus.com\/index.php\/solutions\/isolation\/\",\"url\":\"https:\/\/renovation-colombus.com\/index.php\/solutions\/isolation\/\",\"name\":\"Isolation - R\u00e9novation Colombus\",\"isPartOf\":{\"@id\":\"https:\/\/renovation-colombus.com\/#website\"},\"primaryImageOfPage\":{\"@id\":\"https:\/\/renovation-colombus.com\/index.php\/solutions\/isolation\/#primaryimage\"},\"image\":{\"@id\":\"https:\/\/renovation-colombus.com\/index.php\/solutions\/isolation\/#primaryimage\"},\"thumbnailUrl\":\"https:\/\/renovation-colombus.com\/wp-content\/uploads\/2023\/10\/Lisolation-des-combles-perdus-_-lisolation-par-soufflage-1024x683.jpg\",\"datePublished\":\"2023-10-09T20:02:06+00:00\",\"dateModified\":\"2024-10-22T17:26:24+00:00\",\"breadcrumb\":{\"@id\":\"https:\/\/renovation-colombus.com\/index.php\/solutions\/isolation\/#breadcrumb\"},\"inLanguage\":\"fr-FR\",\"potentialAction\":[{\"@type\":\"ReadAction\",\"target\":[\"https:\/\/renovation-colombus.com\/index.php\/solutions\/isolation\/\"]}]},{\"@type\":\"ImageObject\",\"inLanguage\":\"fr-FR\",\"@id\":\"https:\/\/renovation-colombus.com\/index.php\/solutions\/isolation\/#primaryimage\",\"url\":\"https:\/\/renovation-colombus.com\/wp-content\/uploads\/2023\/10\/Lisolation-des-combles-perdus-_-lisolation-par-soufflage.jpg\",\"contentUrl\":\"https:\/\/renovation-colombus.com\/wp-content\/uploads\/2023\/10\/Lisolation-des-combles-perdus-_-lisolation-par-soufflage.jpg\",\"width\":1920,\"height\":1280},{\"@type\":\"BreadcrumbList\",\"@id\":\"https:\/\/renovation-colombus.com\/index.php\/solutions\/isolation\/#breadcrumb\",\"itemListElement\":[{\"@type\":\"ListItem\",\"position\":1,\"name\":\"Accueil\",\"item\":\"https:\/\/renovation-colombus.com\/\"},{\"@type\":\"ListItem\",\"position\":2,\"name\":\"Nos Solutions\",\"item\":\"https:\/\/renovation-colombus.com\/index.php\/solutions\/\"},{\"@type\":\"ListItem\",\"position\":3,\"name\":\"Isolation\"}]},{\"@type\":\"WebSite\",\"@id\":\"https:\/\/renovation-colombus.com\/#website\",\"url\":\"https:\/\/renovation-colombus.com\/\",\"name\":\"R\u00e9novation Colombus\",\"description\":\"R\u00e9novation toitures &amp; charpentes\",\"publisher\":{\"@id\":\"https:\/\/renovation-colombus.com\/#organization\"},\"potentialAction\":[{\"@type\":\"SearchAction\",\"target\":{\"@type\":\"EntryPoint\",\"urlTemplate\":\"https:\/\/renovation-colombus.com\/?s={search_term_string}\"},\"query-input\":{\"@type\":\"PropertyValueSpecification\",\"valueRequired\":true,\"valueName\":\"search_term_string\"}}],\"inLanguage\":\"fr-FR\"},{\"@type\":\"Organization\",\"@id\":\"https:\/\/renovation-colombus.com\/#organization\",\"name\":\"R\u00e9novation Colombus\",\"url\":\"https:\/\/renovation-colombus.com\/\",\"logo\":{\"@type\":\"ImageObject\",\"inLanguage\":\"fr-FR\",\"@id\":\"https:\/\/renovation-colombus.com\/#\/schema\/logo\/image\/\",\"url\":\"https:\/\/renovation-colombus.com\/wp-content\/uploads\/2024\/10\/cropped-logo_renovation_colombus1000x1000-1.png\",\"contentUrl\":\"https:\/\/renovation-colombus.com\/wp-content\/uploads\/2024\/10\/cropped-logo_renovation_colombus1000x1000-1.png\",\"width\":697,\"height\":603,\"caption\":\"R\u00e9novation Colombus\"},\"image\":{\"@id\":\"https:\/\/renovation-colombus.com\/#\/schema\/logo\/image\/\"}}]}<\/script>\n<!-- \/ Yoast SEO plugin. -->","yoast_head_json":{"title":"Isolation - R\u00e9novation Colombus","robots":{"index":"index","follow":"follow","max-snippet":"max-snippet:-1","max-image-preview":"max-image-preview:large","max-video-preview":"max-video-preview:-1"},"canonical":"https:\/\/renovation-colombus.com\/index.php\/solutions\/isolation\/","og_locale":"fr_FR","og_type":"article","og_title":"Isolation - R\u00e9novation Colombus","og_description":"L&rsquo;isolation joue un r\u00f4le cl\u00e9 dans la pr\u00e9servation de la stabilit\u00e9 thermique de votre maison, car environ 30% des pertes de chaleur proviennent du toit en raison de la mont\u00e9e naturelle de la chaleur. En optant pour un isolant de qualit\u00e9 conforme aux normes RT 2012, vous avez la possibilit\u00e9 de r\u00e9duire significativement vos d\u00e9penses [&hellip;]","og_url":"https:\/\/renovation-colombus.com\/index.php\/solutions\/isolation\/","og_site_name":"R\u00e9novation Colombus","article_modified_time":"2024-10-22T17:26:24+00:00","og_image":[{"width":1920,"height":1280,"url":"https:\/\/renovation-colombus.com\/wp-content\/uploads\/2023\/10\/Lisolation-des-combles-perdus-_-lisolation-par-soufflage.jpg","type":"image\/jpeg"}],"twitter_card":"summary_large_image","twitter_misc":{"Dur\u00e9e de lecture estim\u00e9e":"2 minutes"},"schema":{"@context":"https:\/\/schema.org","@graph":[{"@type":"WebPage","@id":"https:\/\/renovation-colombus.com\/index.php\/solutions\/isolation\/","url":"https:\/\/renovation-colombus.com\/index.php\/solutions\/isolation\/","name":"Isolation - R\u00e9novation Colombus","isPartOf":{"@id":"https:\/\/renovation-colombus.com\/#website"},"primaryImageOfPage":{"@id":"https:\/\/renovation-colombus.com\/index.php\/solutions\/isolation\/#primaryimage"},"image":{"@id":"https:\/\/renovation-colombus.com\/index.php\/solutions\/isolation\/#primaryimage"},"thumbnailUrl":"https:\/\/renovation-colombus.com\/wp-content\/uploads\/2023\/10\/Lisolation-des-combles-perdus-_-lisolation-par-soufflage-1024x683.jpg","datePublished":"2023-10-09T20:02:06+00:00","dateModified":"2024-10-22T17:26:24+00:00","breadcrumb":{"@id":"https:\/\/renovation-colombus.com\/index.php\/solutions\/isolation\/#breadcrumb"},"inLanguage":"fr-FR","potentialAction":[{"@type":"ReadAction","target":["https:\/\/renovation-colombus.com\/index.php\/solutions\/isolation\/"]}]},{"@type":"ImageObject","inLanguage":"fr-FR","@id":"https:\/\/renovation-colombus.com\/index.php\/solutions\/isolation\/#primaryimage","url":"https:\/\/renovation-colombus.com\/wp-content\/uploads\/2023\/10\/Lisolation-des-combles-perdus-_-lisolation-par-soufflage.jpg","contentUrl":"https:\/\/renovation-colombus.com\/wp-content\/uploads\/2023\/10\/Lisolation-des-combles-perdus-_-lisolation-par-soufflage.jpg","width":1920,"height":1280},{"@type":"BreadcrumbList","@id":"https:\/\/renovation-colombus.com\/index.php\/solutions\/isolation\/#breadcrumb","itemListElement":[{"@type":"ListItem","position":1,"name":"Accueil","item":"https:\/\/renovation-colombus.com\/"},{"@type":"ListItem","position":2,"name":"Nos Solutions","item":"https:\/\/renovation-colombus.com\/index.php\/solutions\/"},{"@type":"ListItem","position":3,"name":"Isolation"}]},{"@type":"WebSite","@id":"https:\/\/renovation-colombus.com\/#website","url":"https:\/\/renovation-colombus.com\/","name":"R\u00e9novation Colombus","description":"R\u00e9novation toitures &amp; charpentes","publisher":{"@id":"https:\/\/renovation-colombus.com\/#organization"},"potentialAction":[{"@type":"SearchAction","target":{"@type":"EntryPoint","urlTemplate":"https:\/\/renovation-colombus.com\/?s={search_term_string}"},"query-input":{"@type":"PropertyValueSpecification","valueRequired":true,"valueName":"search_term_string"}}],"inLanguage":"fr-FR"},{"@type":"Organization","@id":"https:\/\/renovation-colombus.com\/#organization","name":"R\u00e9novation Colombus","url":"https:\/\/renovation-colombus.com\/","logo":{"@type":"ImageObject","inLanguage":"fr-FR","@id":"https:\/\/renovation-colombus.com\/#\/schema\/logo\/image\/","url":"https:\/\/renovation-colombus.com\/wp-content\/uploads\/2024\/10\/cropped-logo_renovation_colombus1000x1000-1.png","contentUrl":"https:\/\/renovation-colombus.com\/wp-content\/uploads\/2024\/10\/cropped-logo_renovation_colombus1000x1000-1.png","width":697,"height":603,"caption":"R\u00e9novation Colombus"},"image":{"@id":"https:\/\/renovation-colombus.com\/#\/schema\/logo\/image\/"}}]}},"_links":{"self":[{"href":"https:\/\/renovation-colombus.com\/index.php\/wp-json\/wp\/v2\/pages\/29","targetHints":{"allow":["GET"]}}],"collection":[{"href":"https:\/\/renovation-colombus.com\/index.php\/wp-json\/wp\/v2\/pages"}],"about":[{"href":"https:\/\/renovation-colombus.com\/index.php\/wp-json\/wp\/v2\/types\/page"}],"author":[{"embeddable":true,"href":"https:\/\/renovation-colombus.com\/index.php\/wp-json\/wp\/v2\/users\/1"}],"replies":[{"embeddable":true,"href":"https:\/\/renovation-colombus.com\/index.php\/wp-json\/wp\/v2\/comments?post=29"}],"version-history":[{"count":3,"href":"https:\/\/renovation-colombus.com\/index.php\/wp-json\/wp\/v2\/pages\/29\/revisions"}],"predecessor-version":[{"id":356,"href":"https:\/\/renovation-colombus.com\/index.php\/wp-json\/wp\/v2\/pages\/29\/revisions\/356"}],"up":[{"embeddable":true,"href":"https:\/\/renovation-colombus.com\/index.php\/wp-json\/wp\/v2\/pages\/303"}],"wp:attachment":[{"href":"https:\/\/renovation-colombus.com\/index.php\/wp-json\/wp\/v2\/media?parent=29"}],"curies":[{"name":"wp","href":"https:\/\/api.w.org\/{rel}","templated":true}]}}