{"id":24,"date":"2023-10-09T21:59:02","date_gmt":"2023-10-09T19:59:02","guid":{"rendered":"https:\/\/toiture-colombus.com\/?page_id=24"},"modified":"2023-10-09T21:59:02","modified_gmt":"2023-10-09T19:59:02","slug":"charpente","status":"publish","type":"page","link":"https:\/\/renovation-colombus.com\/index.php\/solutions\/charpente\/","title":{"rendered":"Charpente"},"content":{"rendered":"\t\t<div data-elementor-type=\"wp-page\" data-elementor-id=\"24\" class=\"elementor elementor-24\">\n\t\t\t\t<div class=\"elementor-element elementor-element-6fab96fc e-flex e-con-boxed e-con e-parent\" data-id=\"6fab96fc\" data-element_type=\"container\" data-e-type=\"container\">\n\t\t\t\t\t<div class=\"e-con-inner\">\n\t\t\t\t<div class=\"elementor-element elementor-element-1efc1ea elementor-widget elementor-widget-text-editor\" data-id=\"1efc1ea\" data-element_type=\"widget\" data-e-type=\"widget\" data-widget_type=\"text-editor.default\">\n\t\t\t\t<div class=\"elementor-widget-container\">\n\t\t\t\t\t\t\t\t\t<p>Une toiture est une composante essentielle d&rsquo;une construction, se composant de deux \u00e9l\u00e9ments cl\u00e9s : la charpente et la couverture. La charpente, g\u00e9n\u00e9ralement constitu\u00e9e de pi\u00e8ces en bois ou en b\u00e9ton, joue un r\u00f4le fondamental en assurant la stabilit\u00e9 et la solidit\u00e9 de l&rsquo;ensemble de la structure. Elle agit comme le squelette de la toiture, supportant son poids ainsi que les charges climatiques telles que la neige, le vent et la pluie. La charpente est le pilier sur lequel repose toute la structure, garantissant sa durabilit\u00e9 et sa r\u00e9sistance aux \u00e9l\u00e9ments, ce qui en fait un \u00e9l\u00e9ment indispensable dans la construction d&rsquo;un b\u00e2timent.<\/p>\t\t\t\t\t\t\t\t<\/div>\n\t\t\t\t<\/div>\n\t\t\t\t\t<\/div>\n\t\t\t\t<\/div>\n\t\t<div class=\"elementor-element elementor-element-b0274b3 e-flex e-con-boxed e-con e-parent\" data-id=\"b0274b3\" data-element_type=\"container\" data-e-type=\"container\">\n\t\t\t\t\t<div class=\"e-con-inner\">\n\t\t<div class=\"elementor-element elementor-element-4179a65 e-con-full e-flex e-con e-child\" data-id=\"4179a65\" data-element_type=\"container\" data-e-type=\"container\">\n\t\t<div class=\"elementor-element elementor-element-f20648d e-flex e-con-boxed e-con e-child\" data-id=\"f20648d\" data-element_type=\"container\" data-e-type=\"container\">\n\t\t\t\t\t<div class=\"e-con-inner\">\n\t\t\t\t<div class=\"elementor-element elementor-element-a907a7c elementor-widget elementor-widget-image\" data-id=\"a907a7c\" data-element_type=\"widget\" data-e-type=\"widget\" data-widget_type=\"image.default\">\n\t\t\t\t<div class=\"elementor-widget-container\">\n\t\t\t\t\t\t\t\t\t\t\t\t\t\t\t<img fetchpriority=\"high\" decoding=\"async\" width=\"682\" height=\"1024\" src=\"https:\/\/renovation-colombus.com\/wp-content\/uploads\/2023\/10\/metal-structure-682x1024.jpg\" class=\"attachment-large size-large wp-image-163\" alt=\"\" srcset=\"https:\/\/renovation-colombus.com\/wp-content\/uploads\/2023\/10\/metal-structure-682x1024.jpg 682w, https:\/\/renovation-colombus.com\/wp-content\/uploads\/2023\/10\/metal-structure-200x300.jpg 200w, https:\/\/renovation-colombus.com\/wp-content\/uploads\/2023\/10\/metal-structure-768x1152.jpg 768w, https:\/\/renovation-colombus.com\/wp-content\/uploads\/2023\/10\/metal-structure-1024x1536.jpg 1024w, https:\/\/renovation-colombus.com\/wp-content\/uploads\/2023\/10\/metal-structure.jpg 1333w\" sizes=\"(max-width: 682px) 100vw, 682px\" \/>\t\t\t\t\t\t\t\t\t\t\t\t\t\t\t<\/div>\n\t\t\t\t<\/div>\n\t\t\t\t<div class=\"elementor-element elementor-element-d699864 elementor-widget elementor-widget-heading\" data-id=\"d699864\" data-element_type=\"widget\" data-e-type=\"widget\" data-widget_type=\"heading.default\">\n\t\t\t\t<div class=\"elementor-widget-container\">\n\t\t\t\t\t<h4 class=\"elementor-heading-title elementor-size-default\">Renfort<\/h4>\t\t\t\t<\/div>\n\t\t\t\t<\/div>\n\t\t\t\t<div class=\"elementor-element elementor-element-149c0cc elementor-widget elementor-widget-text-editor\" data-id=\"149c0cc\" data-element_type=\"widget\" data-e-type=\"widget\" data-widget_type=\"text-editor.default\">\n\t\t\t\t<div class=\"elementor-widget-container\">\n\t\t\t\t\t\t\t\t\t<p style=\"text-align: center;\"><span style=\"color: #666666; font-family: Montserrat, Helvetica, Arial, Lucida, sans-serif; text-align: justify;\">Durant l\u2019\u00e9tape de buchage, nos techniciens contr\u00f4lent l\u2019int\u00e9grit\u00e9 du bois ; si celui-ci n\u00e9cessite un renforcement, il sera effectu\u00e9. Cependant, un renforcement de charpente n\u2019est pas syst\u00e9matiquement n\u00e9cessaire, et d\u00e9pend du degr\u00e9 de l\u2019attaque.<\/span><\/p>\t\t\t\t\t\t\t\t<\/div>\n\t\t\t\t<\/div>\n\t\t\t\t\t<\/div>\n\t\t\t\t<\/div>\n\t\t\t\t<\/div>\n\t\t<div class=\"elementor-element elementor-element-2d2cbfb e-con-full e-flex e-con e-child\" data-id=\"2d2cbfb\" data-element_type=\"container\" data-e-type=\"container\">\n\t\t<div class=\"elementor-element elementor-element-fbdf250 e-flex e-con-boxed e-con e-child\" data-id=\"fbdf250\" data-element_type=\"container\" data-e-type=\"container\">\n\t\t\t\t\t<div class=\"e-con-inner\">\n\t\t\t\t<div class=\"elementor-element elementor-element-ba174ff elementor-widget elementor-widget-image\" data-id=\"ba174ff\" data-element_type=\"widget\" data-e-type=\"widget\" data-widget_type=\"image.default\">\n\t\t\t\t<div class=\"elementor-widget-container\">\n\t\t\t\t\t\t\t\t\t\t\t\t\t\t\t<img decoding=\"async\" width=\"2000\" height=\"1331\" src=\"https:\/\/renovation-colombus.com\/wp-content\/uploads\/2023\/10\/front-view-construction-roof.jpg\" class=\"attachment-full size-full wp-image-164\" alt=\"\" srcset=\"https:\/\/renovation-colombus.com\/wp-content\/uploads\/2023\/10\/front-view-construction-roof.jpg 2000w, https:\/\/renovation-colombus.com\/wp-content\/uploads\/2023\/10\/front-view-construction-roof-300x200.jpg 300w, https:\/\/renovation-colombus.com\/wp-content\/uploads\/2023\/10\/front-view-construction-roof-1024x681.jpg 1024w, https:\/\/renovation-colombus.com\/wp-content\/uploads\/2023\/10\/front-view-construction-roof-768x511.jpg 768w, https:\/\/renovation-colombus.com\/wp-content\/uploads\/2023\/10\/front-view-construction-roof-1536x1022.jpg 1536w\" sizes=\"(max-width: 2000px) 100vw, 2000px\" \/>\t\t\t\t\t\t\t\t\t\t\t\t\t\t\t<\/div>\n\t\t\t\t<\/div>\n\t\t\t\t<div class=\"elementor-element elementor-element-4507903 elementor-widget elementor-widget-heading\" data-id=\"4507903\" data-element_type=\"widget\" data-e-type=\"widget\" data-widget_type=\"heading.default\">\n\t\t\t\t<div class=\"elementor-widget-container\">\n\t\t\t\t\t<h2 class=\"elementor-heading-title elementor-size-default\">Pose de charpente neuve<\/h2>\t\t\t\t<\/div>\n\t\t\t\t<\/div>\n\t\t\t\t<div class=\"elementor-element elementor-element-60fb9bf elementor-widget elementor-widget-text-editor\" data-id=\"60fb9bf\" data-element_type=\"widget\" data-e-type=\"widget\" data-widget_type=\"text-editor.default\">\n\t\t\t\t<div class=\"elementor-widget-container\">\n\t\t\t\t\t\t\t\t\t<p>L&rsquo;entreprise <strong>TOITURE COLOMBUS<\/strong> excelle dans la taille et la pose de charpentes, offrant un savoir-faire remarquable dans la r\u00e9alisation de charpentes traditionnelles. Chaque charpente est con\u00e7ue et install\u00e9e avec une pr\u00e9cision m\u00e9ticuleuse, respectant les normes de l&rsquo;artisanat traditionnel. Cette expertise permet de garantir une solidit\u00e9 et une durabilit\u00e9 exceptionnelles pour chaque charpente r\u00e9alis\u00e9e.<\/p>\t\t\t\t\t\t\t\t<\/div>\n\t\t\t\t<\/div>\n\t\t\t\t\t<\/div>\n\t\t\t\t<\/div>\n\t\t\t\t<\/div>\n\t\t\t\t\t<\/div>\n\t\t\t\t<\/div>\n\t\t<div class=\"elementor-element elementor-element-9fabfd9 e-flex e-con-boxed e-con e-parent\" data-id=\"9fabfd9\" data-element_type=\"container\" data-e-type=\"container\">\n\t\t\t\t\t<div class=\"e-con-inner\">\n\t\t<div class=\"elementor-element elementor-element-dba2fb4 e-con-full e-flex e-con e-child\" data-id=\"dba2fb4\" data-element_type=\"container\" data-e-type=\"container\">\n\t\t<div class=\"elementor-element elementor-element-875cd68 e-flex e-con-boxed e-con e-child\" data-id=\"875cd68\" data-element_type=\"container\" data-e-type=\"container\">\n\t\t\t\t\t<div class=\"e-con-inner\">\n\t\t\t\t<div class=\"elementor-element elementor-element-a4ee496 elementor-widget elementor-widget-image\" data-id=\"a4ee496\" data-element_type=\"widget\" data-e-type=\"widget\" data-widget_type=\"image.default\">\n\t\t\t\t<div class=\"elementor-widget-container\">\n\t\t\t\t\t\t\t\t\t\t\t\t\t\t\t<img decoding=\"async\" width=\"512\" height=\"384\" src=\"https:\/\/renovation-colombus.com\/wp-content\/uploads\/2023\/10\/reprise-charpente.jpg\" class=\"attachment-large size-large wp-image-165\" alt=\"\" srcset=\"https:\/\/renovation-colombus.com\/wp-content\/uploads\/2023\/10\/reprise-charpente.jpg 512w, https:\/\/renovation-colombus.com\/wp-content\/uploads\/2023\/10\/reprise-charpente-300x225.jpg 300w\" sizes=\"(max-width: 512px) 100vw, 512px\" \/>\t\t\t\t\t\t\t\t\t\t\t\t\t\t\t<\/div>\n\t\t\t\t<\/div>\n\t\t\t\t\t<\/div>\n\t\t\t\t<\/div>\n\t\t\t\t<\/div>\n\t\t<div class=\"elementor-element elementor-element-382f28f e-con-full e-flex e-con e-child\" data-id=\"382f28f\" data-element_type=\"container\" data-e-type=\"container\">\n\t\t<div class=\"elementor-element elementor-element-22cb3b7 e-flex e-con-boxed e-con e-child\" data-id=\"22cb3b7\" data-element_type=\"container\" data-e-type=\"container\">\n\t\t\t\t\t<div class=\"e-con-inner\">\n\t\t\t\t<div class=\"elementor-element elementor-element-7b24ae2 elementor-widget elementor-widget-heading\" data-id=\"7b24ae2\" data-element_type=\"widget\" data-e-type=\"widget\" data-widget_type=\"heading.default\">\n\t\t\t\t<div class=\"elementor-widget-container\">\n\t\t\t\t\t<h2 class=\"elementor-heading-title elementor-size-default\">Reprise de charpente<\/h2>\t\t\t\t<\/div>\n\t\t\t\t<\/div>\n\t\t\t\t<div class=\"elementor-element elementor-element-1035c88 elementor-widget elementor-widget-text-editor\" data-id=\"1035c88\" data-element_type=\"widget\" data-e-type=\"widget\" data-widget_type=\"text-editor.default\">\n\t\t\t\t<div class=\"elementor-widget-container\">\n\t\t\t\t\t\t\t\t\t<p>La reprise de charpente devient une consid\u00e9ration essentielle dans divers sc\u00e9narios de r\u00e9novation ou d&rsquo;am\u00e9lioration de votre maison. Elle s&rsquo;av\u00e8re particuli\u00e8rement n\u00e9cessaire lors d&rsquo;un agrandissement, o\u00f9 la charpente existante doit \u00eatre adapt\u00e9e pour supporter la nouvelle structure. De m\u00eame, si vous envisagez d&rsquo;am\u00e9nager les combles pour en faire un espace habitable, la charpente doit \u00eatre examin\u00e9e et modifi\u00e9e pour accueillir ces changements. De plus, lors de la pose d&rsquo;isolants, il peut \u00eatre n\u00e9cessaire de r\u00e9ajuster la charpente pour garantir une isolation efficace tout en maintenant l&rsquo;int\u00e9grit\u00e9 de la structure.<\/p>\n<p>Quel que soit votre projet, Toiture Colombus se tient \u00e0 votre disposition pour vous accompagner \u00e0 chaque \u00e9tape. Leur expertise en reprise de charpente garantit que ces modifications essentielles sont effectu\u00e9es dans le respect des normes et des sp\u00e9cifications de votre projet, assurant ainsi la s\u00e9curit\u00e9 et la durabilit\u00e9 de votre habitation. Ils sont l\u00e0 pour vous conseiller et ex\u00e9cuter les travaux n\u00e9cessaires pour que votre projet se r\u00e9alise de mani\u00e8re harmonieuse et efficace.<\/p>\t\t\t\t\t\t\t\t<\/div>\n\t\t\t\t<\/div>\n\t\t\t\t\t<\/div>\n\t\t\t\t<\/div>\n\t\t\t\t<\/div>\n\t\t\t\t\t<\/div>\n\t\t\t\t<\/div>\n\t\t\t\t<\/div>\n\t\t","protected":false},"excerpt":{"rendered":"<p>Une toiture est une composante essentielle d&rsquo;une construction, se composant de deux \u00e9l\u00e9ments cl\u00e9s : la charpente et la couverture. La charpente, g\u00e9n\u00e9ralement constitu\u00e9e de pi\u00e8ces en bois ou en b\u00e9ton, joue un r\u00f4le fondamental en assurant la stabilit\u00e9 et la solidit\u00e9 de l&rsquo;ensemble de la structure. Elle agit comme le squelette de la toiture, [&hellip;]<\/p>\n","protected":false},"author":1,"featured_media":0,"parent":303,"menu_order":0,"comment_status":"closed","ping_status":"closed","template":"","meta":{"footnotes":""},"class_list":["post-24","page","type-page","status-publish","hentry"],"yoast_head":"<!-- This site is optimized with the Yoast SEO plugin v27.2 - https:\/\/yoast.com\/product\/yoast-seo-wordpress\/ -->\n<title>Charpente - R\u00e9novation Colombus<\/title>\n<meta name=\"robots\" content=\"index, follow, max-snippet:-1, max-image-preview:large, max-video-preview:-1\" \/>\n<link rel=\"canonical\" href=\"https:\/\/renovation-colombus.com\/index.php\/solutions\/charpente\/\" \/>\n<meta property=\"og:locale\" content=\"fr_FR\" \/>\n<meta property=\"og:type\" content=\"article\" \/>\n<meta property=\"og:title\" content=\"Charpente - R\u00e9novation Colombus\" \/>\n<meta property=\"og:description\" content=\"Une toiture est une composante essentielle d&rsquo;une construction, se composant de deux \u00e9l\u00e9ments cl\u00e9s : la charpente et la couverture. La charpente, g\u00e9n\u00e9ralement constitu\u00e9e de pi\u00e8ces en bois ou en b\u00e9ton, joue un r\u00f4le fondamental en assurant la stabilit\u00e9 et la solidit\u00e9 de l&rsquo;ensemble de la structure. Elle agit comme le squelette de la toiture, [&hellip;]\" \/>\n<meta property=\"og:url\" content=\"https:\/\/renovation-colombus.com\/index.php\/solutions\/charpente\/\" \/>\n<meta property=\"og:site_name\" content=\"R\u00e9novation Colombus\" \/>\n<meta property=\"og:image\" content=\"http:\/\/renovation-colombus.com\/wp-content\/uploads\/2023\/10\/metal-structure-682x1024.jpg\" \/>\n<meta name=\"twitter:card\" content=\"summary_large_image\" \/>\n<meta name=\"twitter:label1\" content=\"Dur\u00e9e de lecture estim\u00e9e\" \/>\n\t<meta name=\"twitter:data1\" content=\"3 minutes\" \/>\n<script type=\"application\/ld+json\" class=\"yoast-schema-graph\">{\"@context\":\"https:\/\/schema.org\",\"@graph\":[{\"@type\":\"WebPage\",\"@id\":\"https:\/\/renovation-colombus.com\/index.php\/solutions\/charpente\/\",\"url\":\"https:\/\/renovation-colombus.com\/index.php\/solutions\/charpente\/\",\"name\":\"Charpente - R\u00e9novation Colombus\",\"isPartOf\":{\"@id\":\"https:\/\/renovation-colombus.com\/#website\"},\"primaryImageOfPage\":{\"@id\":\"https:\/\/renovation-colombus.com\/index.php\/solutions\/charpente\/#primaryimage\"},\"image\":{\"@id\":\"https:\/\/renovation-colombus.com\/index.php\/solutions\/charpente\/#primaryimage\"},\"thumbnailUrl\":\"http:\/\/renovation-colombus.com\/wp-content\/uploads\/2023\/10\/metal-structure-682x1024.jpg\",\"datePublished\":\"2023-10-09T19:59:02+00:00\",\"breadcrumb\":{\"@id\":\"https:\/\/renovation-colombus.com\/index.php\/solutions\/charpente\/#breadcrumb\"},\"inLanguage\":\"fr-FR\",\"potentialAction\":[{\"@type\":\"ReadAction\",\"target\":[\"https:\/\/renovation-colombus.com\/index.php\/solutions\/charpente\/\"]}]},{\"@type\":\"ImageObject\",\"inLanguage\":\"fr-FR\",\"@id\":\"https:\/\/renovation-colombus.com\/index.php\/solutions\/charpente\/#primaryimage\",\"url\":\"http:\/\/renovation-colombus.com\/wp-content\/uploads\/2023\/10\/metal-structure-682x1024.jpg\",\"contentUrl\":\"http:\/\/renovation-colombus.com\/wp-content\/uploads\/2023\/10\/metal-structure-682x1024.jpg\"},{\"@type\":\"BreadcrumbList\",\"@id\":\"https:\/\/renovation-colombus.com\/index.php\/solutions\/charpente\/#breadcrumb\",\"itemListElement\":[{\"@type\":\"ListItem\",\"position\":1,\"name\":\"Accueil\",\"item\":\"https:\/\/renovation-colombus.com\/\"},{\"@type\":\"ListItem\",\"position\":2,\"name\":\"Nos Solutions\",\"item\":\"https:\/\/renovation-colombus.com\/index.php\/solutions\/\"},{\"@type\":\"ListItem\",\"position\":3,\"name\":\"Charpente\"}]},{\"@type\":\"WebSite\",\"@id\":\"https:\/\/renovation-colombus.com\/#website\",\"url\":\"https:\/\/renovation-colombus.com\/\",\"name\":\"R\u00e9novation Colombus\",\"description\":\"R\u00e9novation toitures &amp; charpentes\",\"publisher\":{\"@id\":\"https:\/\/renovation-colombus.com\/#organization\"},\"potentialAction\":[{\"@type\":\"SearchAction\",\"target\":{\"@type\":\"EntryPoint\",\"urlTemplate\":\"https:\/\/renovation-colombus.com\/?s={search_term_string}\"},\"query-input\":{\"@type\":\"PropertyValueSpecification\",\"valueRequired\":true,\"valueName\":\"search_term_string\"}}],\"inLanguage\":\"fr-FR\"},{\"@type\":\"Organization\",\"@id\":\"https:\/\/renovation-colombus.com\/#organization\",\"name\":\"R\u00e9novation Colombus\",\"url\":\"https:\/\/renovation-colombus.com\/\",\"logo\":{\"@type\":\"ImageObject\",\"inLanguage\":\"fr-FR\",\"@id\":\"https:\/\/renovation-colombus.com\/#\/schema\/logo\/image\/\",\"url\":\"https:\/\/renovation-colombus.com\/wp-content\/uploads\/2024\/10\/cropped-logo_renovation_colombus1000x1000-1.png\",\"contentUrl\":\"https:\/\/renovation-colombus.com\/wp-content\/uploads\/2024\/10\/cropped-logo_renovation_colombus1000x1000-1.png\",\"width\":697,\"height\":603,\"caption\":\"R\u00e9novation Colombus\"},\"image\":{\"@id\":\"https:\/\/renovation-colombus.com\/#\/schema\/logo\/image\/\"}}]}<\/script>\n<!-- \/ Yoast SEO plugin. -->","yoast_head_json":{"title":"Charpente - R\u00e9novation Colombus","robots":{"index":"index","follow":"follow","max-snippet":"max-snippet:-1","max-image-preview":"max-image-preview:large","max-video-preview":"max-video-preview:-1"},"canonical":"https:\/\/renovation-colombus.com\/index.php\/solutions\/charpente\/","og_locale":"fr_FR","og_type":"article","og_title":"Charpente - R\u00e9novation Colombus","og_description":"Une toiture est une composante essentielle d&rsquo;une construction, se composant de deux \u00e9l\u00e9ments cl\u00e9s : la charpente et la couverture. La charpente, g\u00e9n\u00e9ralement constitu\u00e9e de pi\u00e8ces en bois ou en b\u00e9ton, joue un r\u00f4le fondamental en assurant la stabilit\u00e9 et la solidit\u00e9 de l&rsquo;ensemble de la structure. Elle agit comme le squelette de la toiture, [&hellip;]","og_url":"https:\/\/renovation-colombus.com\/index.php\/solutions\/charpente\/","og_site_name":"R\u00e9novation Colombus","og_image":[{"url":"http:\/\/renovation-colombus.com\/wp-content\/uploads\/2023\/10\/metal-structure-682x1024.jpg","type":"","width":"","height":""}],"twitter_card":"summary_large_image","twitter_misc":{"Dur\u00e9e de lecture estim\u00e9e":"3 minutes"},"schema":{"@context":"https:\/\/schema.org","@graph":[{"@type":"WebPage","@id":"https:\/\/renovation-colombus.com\/index.php\/solutions\/charpente\/","url":"https:\/\/renovation-colombus.com\/index.php\/solutions\/charpente\/","name":"Charpente - R\u00e9novation Colombus","isPartOf":{"@id":"https:\/\/renovation-colombus.com\/#website"},"primaryImageOfPage":{"@id":"https:\/\/renovation-colombus.com\/index.php\/solutions\/charpente\/#primaryimage"},"image":{"@id":"https:\/\/renovation-colombus.com\/index.php\/solutions\/charpente\/#primaryimage"},"thumbnailUrl":"http:\/\/renovation-colombus.com\/wp-content\/uploads\/2023\/10\/metal-structure-682x1024.jpg","datePublished":"2023-10-09T19:59:02+00:00","breadcrumb":{"@id":"https:\/\/renovation-colombus.com\/index.php\/solutions\/charpente\/#breadcrumb"},"inLanguage":"fr-FR","potentialAction":[{"@type":"ReadAction","target":["https:\/\/renovation-colombus.com\/index.php\/solutions\/charpente\/"]}]},{"@type":"ImageObject","inLanguage":"fr-FR","@id":"https:\/\/renovation-colombus.com\/index.php\/solutions\/charpente\/#primaryimage","url":"http:\/\/renovation-colombus.com\/wp-content\/uploads\/2023\/10\/metal-structure-682x1024.jpg","contentUrl":"http:\/\/renovation-colombus.com\/wp-content\/uploads\/2023\/10\/metal-structure-682x1024.jpg"},{"@type":"BreadcrumbList","@id":"https:\/\/renovation-colombus.com\/index.php\/solutions\/charpente\/#breadcrumb","itemListElement":[{"@type":"ListItem","position":1,"name":"Accueil","item":"https:\/\/renovation-colombus.com\/"},{"@type":"ListItem","position":2,"name":"Nos Solutions","item":"https:\/\/renovation-colombus.com\/index.php\/solutions\/"},{"@type":"ListItem","position":3,"name":"Charpente"}]},{"@type":"WebSite","@id":"https:\/\/renovation-colombus.com\/#website","url":"https:\/\/renovation-colombus.com\/","name":"R\u00e9novation Colombus","description":"R\u00e9novation toitures &amp; charpentes","publisher":{"@id":"https:\/\/renovation-colombus.com\/#organization"},"potentialAction":[{"@type":"SearchAction","target":{"@type":"EntryPoint","urlTemplate":"https:\/\/renovation-colombus.com\/?s={search_term_string}"},"query-input":{"@type":"PropertyValueSpecification","valueRequired":true,"valueName":"search_term_string"}}],"inLanguage":"fr-FR"},{"@type":"Organization","@id":"https:\/\/renovation-colombus.com\/#organization","name":"R\u00e9novation Colombus","url":"https:\/\/renovation-colombus.com\/","logo":{"@type":"ImageObject","inLanguage":"fr-FR","@id":"https:\/\/renovation-colombus.com\/#\/schema\/logo\/image\/","url":"https:\/\/renovation-colombus.com\/wp-content\/uploads\/2024\/10\/cropped-logo_renovation_colombus1000x1000-1.png","contentUrl":"https:\/\/renovation-colombus.com\/wp-content\/uploads\/2024\/10\/cropped-logo_renovation_colombus1000x1000-1.png","width":697,"height":603,"caption":"R\u00e9novation Colombus"},"image":{"@id":"https:\/\/renovation-colombus.com\/#\/schema\/logo\/image\/"}}]}},"_links":{"self":[{"href":"https:\/\/renovation-colombus.com\/index.php\/wp-json\/wp\/v2\/pages\/24","targetHints":{"allow":["GET"]}}],"collection":[{"href":"https:\/\/renovation-colombus.com\/index.php\/wp-json\/wp\/v2\/pages"}],"about":[{"href":"https:\/\/renovation-colombus.com\/index.php\/wp-json\/wp\/v2\/types\/page"}],"author":[{"embeddable":true,"href":"https:\/\/renovation-colombus.com\/index.php\/wp-json\/wp\/v2\/users\/1"}],"replies":[{"embeddable":true,"href":"https:\/\/renovation-colombus.com\/index.php\/wp-json\/wp\/v2\/comments?post=24"}],"version-history":[{"count":0,"href":"https:\/\/renovation-colombus.com\/index.php\/wp-json\/wp\/v2\/pages\/24\/revisions"}],"up":[{"embeddable":true,"href":"https:\/\/renovation-colombus.com\/index.php\/wp-json\/wp\/v2\/pages\/303"}],"wp:attachment":[{"href":"https:\/\/renovation-colombus.com\/index.php\/wp-json\/wp\/v2\/media?parent=24"}],"curies":[{"name":"wp","href":"https:\/\/api.w.org\/{rel}","templated":true}]}}